{"id":11,"date":"2016-10-11T10:56:56","date_gmt":"2016-10-11T08:56:56","guid":{"rendered":"http:\/\/wordpress.gitedemontagne-forez.fr\/?page_id=11"},"modified":"2026-01-09T15:50:10","modified_gmt":"2026-01-09T14:50:10","slug":"bienvenue-a-la-ferme","status":"publish","type":"page","link":"https:\/\/www.gitedemontagne-forez.fr\/index.php\/accueil\/bienvenue-a-la-ferme\/","title":{"rendered":"Bienvenue \u00e0 la ferme"},"content":{"rendered":"<p><img loading=\"lazy\" class=\"wp-image-13 alignleft\" src=\"http:\/\/wordpress.gitedemontagne-forez.fr\/wp-content\/uploads\/2016\/10\/Logo-Bienvenue-a-la-ferme_reference-265x300.jpg\" alt=\"logo-bienvenue-a-la-ferme_reference\" width=\"110\" height=\"125\" srcset=\"https:\/\/www.gitedemontagne-forez.fr\/wp-content\/uploads\/2016\/10\/Logo-Bienvenue-a-la-ferme_reference-265x300.jpg 265w, https:\/\/www.gitedemontagne-forez.fr\/wp-content\/uploads\/2016\/10\/Logo-Bienvenue-a-la-ferme_reference-e1476258970549-133x150.jpg 133w, https:\/\/www.gitedemontagne-forez.fr\/wp-content\/uploads\/2016\/10\/Logo-Bienvenue-a-la-ferme_reference-170x192.jpg 170w, https:\/\/www.gitedemontagne-forez.fr\/wp-content\/uploads\/2016\/10\/Logo-Bienvenue-a-la-ferme_reference.jpg 500w\" sizes=\"(max-width: 110px) 100vw, 110px\" \/><span style=\"font-size: 14pt;\">Nous sommes respectueux de la nature car nous vivons toute l\u2019ann\u00e9e avec elle et elle nous fait vivre.<\/span><br \/>\n<span style=\"font-size: 14pt;\"> Nous savons appr\u00e9cier nos paysages pr\u00e9serv\u00e9s. C\u2019est un bonheur de regarder autour de nous le lever du soleil, les vaches qui broutent dans les pr\u00e9s, le vent dans les arbres ou les \u00e9toiles .Cela n\u2019emp\u00eache pas d\u2019\u00eatre exigeant dans notre travail car nous devons aussi en vivre.<\/span><br \/>\n<span style=\"font-size: 14pt;\"> Nous sommes \u00e9leveurs laitier et appartenons au r\u00e9seau Bienvenue \u00e0 la Ferme.<\/span><\/p>\n<blockquote><p><span style=\"font-size: 14pt;\">Nous avons des vaches laiti\u00e8res de race rustique Montb\u00e9liarde dont le lait sert \u00e0 la fabrication de la Fourme de Montbrison. Nous produisons uniquement de l\u2019herbe pour nourrir les vaches et les jeunes g\u00e9nisses. Nous suivons le cahier des Charges li\u00e9 \u00e0 l\u2019AOP.<\/span><\/p>\n<p><span style=\"font-size: 14pt;\">Depuis janvier 2018, Etienne et Raphael nous ont rejoint sur la ferme et mettent un coup de jeune dans notre \u00e9quipe (n\u00e9s en 1997, ce sont des jeunes motiv\u00e9s, plein d&rsquo;id\u00e9es et heureux de vivre au milieu des vaches).<\/span><\/p>\n<figure id=\"attachment_543\" aria-describedby=\"caption-attachment-543\" style=\"width: 300px\" class=\"wp-caption aligncenter\"><a href=\"https:\/\/www.gitedemontagne-forez.fr\/wp-content\/uploads\/2020\/02\/CHV3733_Print.jpg\"><img loading=\"lazy\" class=\"wp-image-543 size-medium\" src=\"https:\/\/www.gitedemontagne-forez.fr\/wp-content\/uploads\/2020\/02\/CHV3733_Print-300x200.jpg\" alt=\"\" width=\"300\" height=\"200\" srcset=\"https:\/\/www.gitedemontagne-forez.fr\/wp-content\/uploads\/2020\/02\/CHV3733_Print-300x200.jpg 300w, https:\/\/www.gitedemontagne-forez.fr\/wp-content\/uploads\/2020\/02\/CHV3733_Print-100x67.jpg 100w, https:\/\/www.gitedemontagne-forez.fr\/wp-content\/uploads\/2020\/02\/CHV3733_Print-768x511.jpg 768w, https:\/\/www.gitedemontagne-forez.fr\/wp-content\/uploads\/2020\/02\/CHV3733_Print-648x432.jpg 648w, https:\/\/www.gitedemontagne-forez.fr\/wp-content\/uploads\/2020\/02\/CHV3733_Print-288x192.jpg 288w, https:\/\/www.gitedemontagne-forez.fr\/wp-content\/uploads\/2020\/02\/CHV3733_Print.jpg 1000w\" sizes=\"(max-width: 300px) 100vw, 300px\" \/><\/a><figcaption id=\"caption-attachment-543\" class=\"wp-caption-text\">Nous sommes 4 pour prendre soin des vaches, des veaux et des fourmes&#8230;.<\/figcaption><\/figure>\n<p>Depuis mai 2019, nous fabriquons de la Fourme de Montbrison AOP fermi\u00e8re\u00a0 ( avec le lait de notre troupeau uniquement). Nous avons construit une nouvelle maison pour nos vaches et pour le foin que nous r\u00e9coltons et s\u00e9chons en grange<\/p><\/blockquote>\n<figure id=\"attachment_538\" aria-describedby=\"caption-attachment-538\" style=\"width: 167px\" class=\"wp-caption aligncenter\"><a href=\"https:\/\/www.gitedemontagne-forez.fr\/wp-content\/uploads\/2020\/02\/CHV3606.jpg\"><img loading=\"lazy\" class=\"wp-image-538 \" src=\"https:\/\/www.gitedemontagne-forez.fr\/wp-content\/uploads\/2020\/02\/CHV3606.jpg\" alt=\"\" width=\"167\" height=\"223\" srcset=\"https:\/\/www.gitedemontagne-forez.fr\/wp-content\/uploads\/2020\/02\/CHV3606.jpg 750w, https:\/\/www.gitedemontagne-forez.fr\/wp-content\/uploads\/2020\/02\/CHV3606-75x100.jpg 75w, https:\/\/www.gitedemontagne-forez.fr\/wp-content\/uploads\/2020\/02\/CHV3606-225x300.jpg 225w, https:\/\/www.gitedemontagne-forez.fr\/wp-content\/uploads\/2020\/02\/CHV3606-648x864.jpg 648w, https:\/\/www.gitedemontagne-forez.fr\/wp-content\/uploads\/2020\/02\/CHV3606-144x192.jpg 144w\" sizes=\"(max-width: 167px) 100vw, 167px\" \/><\/a><figcaption id=\"caption-attachment-538\" class=\"wp-caption-text\">Notre Fourme de Montbrison AOP<\/figcaption><\/figure>\n<p><a href=\"http:\/\/wordpress.gitedemontagne-forez.fr\/wp-content\/uploads\/2016\/10\/Fourme_2.jpg\">\u00a0\u00a0\u00a0\u00a0\u00a0\u00a0\u00a0\u00a0\u00a0\u00a0\u00a0\u00a0\u00a0\u00a0\u00a0\u00a0\u00a0\u00a0\u00a0\u00a0\u00a0\u00a0\u00a0\u00a0\u00a0\u00a0\u00a0\u00a0\u00a0\u00a0\u00a0\u00a0\u00a0\u00a0\u00a0\u00a0\u00a0\u00a0\u00a0\u00a0\u00a0\u00a0\u00a0\u00a0\u00a0\u00a0\u00a0\u00a0\u00a0\u00a0\u00a0\u00a0\u00a0\u00a0\u00a0\u00a0\u00a0\u00a0\u00a0\u00a0\u00a0\u00a0\u00a0\u00a0\u00a0\u00a0\u00a0\u00a0\u00a0\u00a0\u00a0\u00a0\u00a0\u00a0\u00a0\u00a0\u00a0\u00a0\u00a0\u00a0\u00a0\u00a0\u00a0\u00a0\u00a0\u00a0\u00a0\u00a0\u00a0\u00a0\u00a0\u00a0\u00a0\u00a0\u00a0\u00a0\u00a0\u00a0\u00a0\u00a0\u00a0\u00a0\u00a0\u00a0\u00a0\u00a0\u00a0\u00a0\u00a0\u00a0\u00a0\u00a0\u00a0\u00a0\u00a0\u00a0\u00a0\u00a0\u00a0\u00a0\u00a0\u00a0\u00a0\u00a0\u00a0\u00a0\u00a0\u00a0\u00a0\u00a0<\/a><\/p>\n<p>Nous faisons partie de la Route de la Fourme de Montbrison (circuit touristique). Aussi, vous pouvez venir nous voir travailler \u00e0 l&rsquo;heure de la traite \u00e0 18h00<\/p>\n<figure id=\"attachment_539\" aria-describedby=\"caption-attachment-539\" style=\"width: 300px\" class=\"wp-caption aligncenter\"><a href=\"https:\/\/www.gitedemontagne-forez.fr\/wp-content\/uploads\/2020\/02\/CHV3657.jpg\"><img loading=\"lazy\" class=\"wp-image-539 size-medium\" src=\"https:\/\/www.gitedemontagne-forez.fr\/wp-content\/uploads\/2020\/02\/CHV3657-300x200.jpg\" alt=\"\" width=\"300\" height=\"200\" srcset=\"https:\/\/www.gitedemontagne-forez.fr\/wp-content\/uploads\/2020\/02\/CHV3657-300x200.jpg 300w, https:\/\/www.gitedemontagne-forez.fr\/wp-content\/uploads\/2020\/02\/CHV3657-100x67.jpg 100w, https:\/\/www.gitedemontagne-forez.fr\/wp-content\/uploads\/2020\/02\/CHV3657-768x512.jpg 768w, https:\/\/www.gitedemontagne-forez.fr\/wp-content\/uploads\/2020\/02\/CHV3657-648x432.jpg 648w, https:\/\/www.gitedemontagne-forez.fr\/wp-content\/uploads\/2020\/02\/CHV3657-288x192.jpg 288w, https:\/\/www.gitedemontagne-forez.fr\/wp-content\/uploads\/2020\/02\/CHV3657.jpg 1000w\" sizes=\"(max-width: 300px) 100vw, 300px\" \/><\/a><figcaption id=\"caption-attachment-539\" class=\"wp-caption-text\">Etienne rentre le foin dans le s\u00e9chage<\/figcaption><\/figure>\n<p>Nous cherchons \u00e0 am\u00e9liorer notre cadre de vie en l&rsquo;arborant et en le fleurissant. A cet effet, nous avons re\u00e7u le 2\u00e8me prix du concours des Fermes Fleuries d\u00e9livr\u00e9 par le Conseil D\u00e9partemental de la Loire.<\/p>\n<p>Nos jeunes vaches et vaches taries paturent sur la zone Natura 2000 Hautes Chaumes du Forez.<\/p>\n","protected":false},"excerpt":{"rendered":"<p>Nous sommes respectueux de la nature car nous vivons toute l\u2019ann\u00e9e avec elle et elle nous fait vivre.<br \/>\n Nous savons [&#8230;]<\/p>\n","protected":false},"author":1,"featured_media":317,"parent":26,"menu_order":20,"comment_status":"closed","ping_status":"closed","template":"page-templates\/grid-page.php","meta":[],"_links":{"self":[{"href":"https:\/\/www.gitedemontagne-forez.fr\/index.php\/wp-json\/wp\/v2\/pages\/11"}],"collection":[{"href":"https:\/\/www.gitedemontagne-forez.fr\/index.php\/wp-json\/wp\/v2\/pages"}],"about":[{"href":"https:\/\/www.gitedemontagne-forez.fr\/index.php\/wp-json\/wp\/v2\/types\/page"}],"author":[{"embeddable":true,"href":"https:\/\/www.gitedemontagne-forez.fr\/index.php\/wp-json\/wp\/v2\/users\/1"}],"replies":[{"embeddable":true,"href":"https:\/\/www.gitedemontagne-forez.fr\/index.php\/wp-json\/wp\/v2\/comments?post=11"}],"version-history":[{"count":13,"href":"https:\/\/www.gitedemontagne-forez.fr\/index.php\/wp-json\/wp\/v2\/pages\/11\/revisions"}],"predecessor-version":[{"id":584,"href":"https:\/\/www.gitedemontagne-forez.fr\/index.php\/wp-json\/wp\/v2\/pages\/11\/revisions\/584"}],"up":[{"embeddable":true,"href":"https:\/\/www.gitedemontagne-forez.fr\/index.php\/wp-json\/wp\/v2\/pages\/26"}],"wp:featuredmedia":[{"embeddable":true,"href":"https:\/\/www.gitedemontagne-forez.fr\/index.php\/wp-json\/wp\/v2\/media\/317"}],"wp:attachment":[{"href":"https:\/\/www.gitedemontagne-forez.fr\/index.php\/wp-json\/wp\/v2\/media?parent=11"}],"curies":[{"name":"wp","href":"https:\/\/api.w.org\/{rel}","templated":true}]}}