{"id":158,"date":"2016-10-21T09:40:01","date_gmt":"2016-10-21T07:40:01","guid":{"rendered":"http:\/\/wordpress.gitedemontagne-forez.fr\/?page_id=158"},"modified":"2026-01-09T15:51:59","modified_gmt":"2026-01-09T14:51:59","slug":"visite-nature-et-sportive","status":"publish","type":"page","link":"https:\/\/www.gitedemontagne-forez.fr\/index.php\/accueil\/loisirs\/visite-nature-et-sportive\/","title":{"rendered":"Visite nature et sportive"},"content":{"rendered":"<p>Afin de vous aidez \u00e0 pr\u00e9parer votre s\u00e9jour pour d\u00e9couvrir nos beaux paysages et\/ou pratiquer une activit\u00e9 sportive, nous vous proposons ci-dessous un aper\u00e7u des diff\u00e9rentes possibilit\u00e9s<\/p>\n<p><span style=\"color: #808080;\"><strong><em>A Sauvain<\/em><\/strong><\/span><\/p>\n<ul>\n<li>Randonn\u00e9es p\u00e9destres balis\u00e9es<\/li>\n<li>Cours de tennis<\/li>\n<li>Allez voir \u00e0 pied , en v\u00e9lo ou en voiture une des plus belle cascade des Monts du Forez : la cascade de Chorsin ainsi que la source d\u2019eau ferrugineuse \u00e0 6kms du g\u00eete.<\/li>\n<\/ul>\n<figure id=\"attachment_473\" aria-describedby=\"caption-attachment-473\" style=\"width: 1000px\" class=\"wp-caption aligncenter\"><a href=\"http:\/\/wordpress.gitedemontagne-forez.fr\/wp-content\/uploads\/2016\/10\/Cascade.jpg\"><img loading=\"lazy\" class=\"size-full wp-image-473\" src=\"http:\/\/wordpress.gitedemontagne-forez.fr\/wp-content\/uploads\/2016\/10\/Cascade.jpg\" alt=\"Cascade de Chorsin \u00e0 proximit\u00e9 de notre gite la Feni\u00e8re des hautes Chaumes situ\u00e9 dans le Forez proche de Chalmazel\" width=\"1000\" height=\"666\" srcset=\"https:\/\/www.gitedemontagne-forez.fr\/wp-content\/uploads\/2016\/10\/Cascade.jpg 1000w, https:\/\/www.gitedemontagne-forez.fr\/wp-content\/uploads\/2016\/10\/Cascade-100x67.jpg 100w, https:\/\/www.gitedemontagne-forez.fr\/wp-content\/uploads\/2016\/10\/Cascade-300x200.jpg 300w, https:\/\/www.gitedemontagne-forez.fr\/wp-content\/uploads\/2016\/10\/Cascade-768x511.jpg 768w, https:\/\/www.gitedemontagne-forez.fr\/wp-content\/uploads\/2016\/10\/Cascade-648x432.jpg 648w, https:\/\/www.gitedemontagne-forez.fr\/wp-content\/uploads\/2016\/10\/Cascade-288x192.jpg 288w\" sizes=\"(max-width: 1000px) 100vw, 1000px\" \/><\/a><figcaption id=\"caption-attachment-473\" class=\"wp-caption-text\">Cascade de Chorsin<\/figcaption><\/figure>\n<p><span style=\"color: #808080;\"><strong><em>Au d\u00e9part de Sauvain<\/em><\/strong><\/span><\/p>\n<ul>\n<li><em>Randonn\u00e9es p\u00e9destres sur le site Natura 2000 des Hautes-Chaumes<\/em><\/li>\n<\/ul>\n<figure id=\"attachment_315\" aria-describedby=\"caption-attachment-315\" style=\"width: 648px\" class=\"wp-caption aligncenter\"><a href=\"http:\/\/wordpress.gitedemontagne-forez.fr\/wp-content\/uploads\/2016\/10\/Nature_3.jpg\"><img loading=\"lazy\" class=\"wp-image-315 size-large\" src=\"https:\/\/www.gitedemontagne-forez.fr\/wp-content\/uploads\/2016\/10\/Nature_3-1024x761.jpg\" alt=\"Loge proche de notre g\u00eete la Feni\u00e8re des hautes Chaumes situ\u00e9 dans le forez proche de Chalmazel\" width=\"648\" height=\"482\" srcset=\"https:\/\/www.gitedemontagne-forez.fr\/wp-content\/uploads\/2016\/10\/Nature_3-1024x761.jpg 1024w, https:\/\/www.gitedemontagne-forez.fr\/wp-content\/uploads\/2016\/10\/Nature_3-100x74.jpg 100w, https:\/\/www.gitedemontagne-forez.fr\/wp-content\/uploads\/2016\/10\/Nature_3-300x223.jpg 300w, https:\/\/www.gitedemontagne-forez.fr\/wp-content\/uploads\/2016\/10\/Nature_3-768x571.jpg 768w, https:\/\/www.gitedemontagne-forez.fr\/wp-content\/uploads\/2016\/10\/Nature_3-648x482.jpg 648w, https:\/\/www.gitedemontagne-forez.fr\/wp-content\/uploads\/2016\/10\/Nature_3-258x192.jpg 258w, https:\/\/www.gitedemontagne-forez.fr\/wp-content\/uploads\/2016\/10\/Nature_3.jpg 1075w\" sizes=\"(max-width: 648px) 100vw, 648px\" \/><\/a><figcaption id=\"caption-attachment-315\" class=\"wp-caption-text\">Ancienne loge au milieu des jonquilles en avril<\/figcaption><\/figure>\n<p><span style=\"color: #808080;\"><strong><em>A proximit\u00e9<\/em><\/strong><\/span><\/p>\n<ul>\n<li>A 1 km, <strong>p\u00eachez la truite<\/strong> au plan d\u2019eau des champas. Pour les authentiques p\u00e9cheurs, nos rivi\u00e8res de 1\u00e8re cat\u00e9gorie et les truites farios vous combleront.<\/li>\n<li>A 5kms du g\u00eete acc\u00e8s au<strong> domaine skiable<\/strong> de Chalmazel qui compte 12 km de pistes (2 noires, 6 rouges, 6 bleues et 2 vertes) et 3 sentiers de raquettes. Ferm\u00e9 en 2026<\/li>\n<li>A 19 kms du g\u00eete acc\u00e8s au<strong> domaine nordique<\/strong> du Col de la Loge. Sur le site vous pouvez pratiquer le ski de fond (pas alternatif et skating)sur 7 pistes, soit plus de 78 km cumul\u00e9s, des raquettes sur les 5 pistes s&rsquo;\u00e9talant sur plus de 40 km, ainsi que des bapt\u00eames en chiens de traineaux vous sont propos\u00e9s sur r\u00e9servation.<\/li>\n<li>Nous faisons partie ,maintenant, du Parc Naturel Regional Livradois Forez :\u00a0https:\/\/www.parc-livradois-forez.org\/<\/li>\n<\/ul>\n<h2><strong><span style=\"color: #993366;\">Liens utiles :<\/span><\/strong><\/h2>\n<p><del>Cliquer <a href=\"http:\/\/www.loire.fr\/jcms\/dlw_1111340\/accueil\" target=\"_blank\" rel=\"noopener\">ici<\/a> pour acc\u00e9der au site de la station de ski de Chalmazel<\/del><\/p>\n<p>Cliquer <a href=\"http:\/\/www.station-ski-coldelaloge.fr\" target=\"_blank\" rel=\"noopener\">ici<\/a> pour acc\u00e9der au site de la station\u00a0du Col de la Loge<\/p>\n","protected":false},"excerpt":{"rendered":"<p>Afin de vous aidez \u00e0 pr\u00e9parer votre s\u00e9jour pour d\u00e9couvrir nos beaux paysages et\/ou pratiquer une activit\u00e9 sportive, nous vous [&#8230;]<\/p>\n","protected":false},"author":1,"featured_media":472,"parent":25,"menu_order":31,"comment_status":"closed","ping_status":"closed","template":"","meta":[],"_links":{"self":[{"href":"https:\/\/www.gitedemontagne-forez.fr\/index.php\/wp-json\/wp\/v2\/pages\/158"}],"collection":[{"href":"https:\/\/www.gitedemontagne-forez.fr\/index.php\/wp-json\/wp\/v2\/pages"}],"about":[{"href":"https:\/\/www.gitedemontagne-forez.fr\/index.php\/wp-json\/wp\/v2\/types\/page"}],"author":[{"embeddable":true,"href":"https:\/\/www.gitedemontagne-forez.fr\/index.php\/wp-json\/wp\/v2\/users\/1"}],"replies":[{"embeddable":true,"href":"https:\/\/www.gitedemontagne-forez.fr\/index.php\/wp-json\/wp\/v2\/comments?post=158"}],"version-history":[{"count":21,"href":"https:\/\/www.gitedemontagne-forez.fr\/index.php\/wp-json\/wp\/v2\/pages\/158\/revisions"}],"predecessor-version":[{"id":586,"href":"https:\/\/www.gitedemontagne-forez.fr\/index.php\/wp-json\/wp\/v2\/pages\/158\/revisions\/586"}],"up":[{"embeddable":true,"href":"https:\/\/www.gitedemontagne-forez.fr\/index.php\/wp-json\/wp\/v2\/pages\/25"}],"wp:featuredmedia":[{"embeddable":true,"href":"https:\/\/www.gitedemontagne-forez.fr\/index.php\/wp-json\/wp\/v2\/media\/472"}],"wp:attachment":[{"href":"https:\/\/www.gitedemontagne-forez.fr\/index.php\/wp-json\/wp\/v2\/media?parent=158"}],"curies":[{"name":"wp","href":"https:\/\/api.w.org\/{rel}","templated":true}]}}