{"id":160,"date":"2016-10-21T09:42:21","date_gmt":"2016-10-21T07:42:21","guid":{"rendered":"http:\/\/wordpress.gitedemontagne-forez.fr\/?page_id=160"},"modified":"2021-06-15T19:36:10","modified_gmt":"2021-06-15T17:36:10","slug":"visite-du-patrimoine","status":"publish","type":"page","link":"https:\/\/www.gitedemontagne-forez.fr\/index.php\/accueil\/loisirs\/visite-du-patrimoine\/","title":{"rendered":"Visite du patrimoine"},"content":{"rendered":"<p>Pour d\u00e9couvrir notre riche patrimoine, nous vous proposons ci-dessous quelques suggestions dans les alentours<\/p>\n<p><span style=\"color: #808080;\"><strong><em>A Sauvain<\/em><\/strong><\/span><\/p>\n<ul>\n<li>L&rsquo;Eglise qui a connu\u00a0plusieurs p\u00e9riodes de construction : XIIe, XIIIe, XVe et XVIIIe si\u00e8cles<\/li>\n<li><span style=\"font-size: 16px;\">L\u2019Ecomus\u00e9e de la Maison Sauvagnarde qui vous fera revenir au si\u00e8cle dernier avec la fabrication de sabot et de la Fourme de Montbrison<\/span><\/li>\n<\/ul>\n<p><strong><em><span style=\"color: #808080;\">A proximit\u00e9<\/span><\/em><\/strong><\/p>\n<ul>\n<li>Le ch\u00e2teau de Sail sous Couzan forteresse m\u00e9di\u00e9vale<\/li>\n<li>Le ch\u00e2teau de Chalmazel<\/li>\n<li>A 25 kms, la B\u00e2tie d\u2019Urf\u00e9<\/li>\n<li>Le prieur\u00e9 de Champdieu<\/li>\n<li>\u2026<\/li>\n<\/ul>\n<h2><strong><span style=\"color: #993366;\">Liens utiles :<\/span><\/strong><\/h2>\n<p>Cliquer <a href=\"http:\/\/www.loireforez.com\" target=\"_blank\" rel=\"noopener\">ici<\/a> pour acc\u00e9der au site des offices de tourisme de Chalmazel, Montbrison et Saint-Just-Saint-Rambert<br \/>\nCliquer <a href=\"http:\/\/www.sauvain.fr\" target=\"_blank\" rel=\"noopener\">ici<\/a> pour acc\u00e9der au site de la commune de Sauvain<br \/>\nCliquer <a href=\"http:\/\/www.museedelafourme.com\/\" target=\"_blank\" rel=\"noopener\">ici<\/a> pour acc\u00e9der au site de la maison Sauvagnarde de Sauvain<\/p>\n","protected":false},"excerpt":{"rendered":"<p>Pour d\u00e9couvrir notre riche patrimoine, nous vous proposons ci-dessous quelques suggestions dans les alentours<\/p>\n<p>A Sauvain<\/p>\n<p> \tL&rsquo;Eglise qui a connu\u00a0plusieurs [&#8230;]<\/p>\n","protected":false},"author":1,"featured_media":469,"parent":25,"menu_order":32,"comment_status":"closed","ping_status":"closed","template":"page-templates\/grid-page.php","meta":[],"_links":{"self":[{"href":"https:\/\/www.gitedemontagne-forez.fr\/index.php\/wp-json\/wp\/v2\/pages\/160"}],"collection":[{"href":"https:\/\/www.gitedemontagne-forez.fr\/index.php\/wp-json\/wp\/v2\/pages"}],"about":[{"href":"https:\/\/www.gitedemontagne-forez.fr\/index.php\/wp-json\/wp\/v2\/types\/page"}],"author":[{"embeddable":true,"href":"https:\/\/www.gitedemontagne-forez.fr\/index.php\/wp-json\/wp\/v2\/users\/1"}],"replies":[{"embeddable":true,"href":"https:\/\/www.gitedemontagne-forez.fr\/index.php\/wp-json\/wp\/v2\/comments?post=160"}],"version-history":[{"count":11,"href":"https:\/\/www.gitedemontagne-forez.fr\/index.php\/wp-json\/wp\/v2\/pages\/160\/revisions"}],"predecessor-version":[{"id":566,"href":"https:\/\/www.gitedemontagne-forez.fr\/index.php\/wp-json\/wp\/v2\/pages\/160\/revisions\/566"}],"up":[{"embeddable":true,"href":"https:\/\/www.gitedemontagne-forez.fr\/index.php\/wp-json\/wp\/v2\/pages\/25"}],"wp:featuredmedia":[{"embeddable":true,"href":"https:\/\/www.gitedemontagne-forez.fr\/index.php\/wp-json\/wp\/v2\/media\/469"}],"wp:attachment":[{"href":"https:\/\/www.gitedemontagne-forez.fr\/index.php\/wp-json\/wp\/v2\/media?parent=160"}],"curies":[{"name":"wp","href":"https:\/\/api.w.org\/{rel}","templated":true}]}}