{"id":162,"date":"2016-10-21T09:44:01","date_gmt":"2016-10-21T07:44:01","guid":{"rendered":"http:\/\/wordpress.gitedemontagne-forez.fr\/?page_id=162"},"modified":"2026-01-09T15:53:20","modified_gmt":"2026-01-09T14:53:20","slug":"visite-gourmande","status":"publish","type":"page","link":"https:\/\/www.gitedemontagne-forez.fr\/index.php\/accueil\/loisirs\/visite-gourmande\/","title":{"rendered":"Visite gourmande"},"content":{"rendered":"<p>Si vous souhaitez d\u00e9couvrir nos sp\u00e9cialit\u00e9s et leurs fabrications, nous vous listons ci-dessous quelques possibilit\u00e9s qui s&rsquo;offrent \u00e0 vous<\/p>\n<p><span style=\"color: #808080;\"><strong><em>A Sauvain<\/em><\/strong><\/span><\/p>\n<ul>\n<li>Nous sommes au c\u0153ur du site remarquable du Go\u00fbt \u00ab Fourme de Montbrison \u00bb, fromage AOP, vous pouvez <strong>visiter les trois laiteries<\/strong>, deux d\u2019entre elles ont am\u00e9nag\u00e9 des galeries de visite<\/li>\n<li>Il y a le lait avant de fabriquer le fromage : la route de la fourme de Montbrison vous permet de visiter des fermes \u00e0 l\u2019heure de la traite. Vous pouvez <strong>visiter notre ferme<\/strong> le soir \u00e0 partir de 18h<\/li>\n<li>D\u00e9gustation des sp\u00e9cialit\u00e9s For\u00e9ziennes : <strong>Diff\u00e9rents restaurants<\/strong> s\u2019engagent \u00e0 utiliser des produits locaux dans leur menu<\/li>\n<\/ul>\n<p><span style=\"color: #808080;\"><strong><em>A proximit\u00e9<\/em><\/strong><\/span><\/p>\n<ul>\n<li>A 8kms de Sauvain, se trouve le Moulin des Massons et son huile de colza<\/li>\n<\/ul>\n<h2><strong><span style=\"color: #993366;\">Liens utiles :<\/span><\/strong><\/h2>\n<p>Cliquer <a href=\"http:\/\/www.fourme-montbrison.com\/\" target=\"_blank\" rel=\"noopener\">ici<\/a> pour acc\u00e9der au site d\u00e9di\u00e9 \u00e0 la fourme de Montbrison<br \/>\nCliquer <a href=\"http:\/\/www.moulindesmassons.com\" target=\"_blank\" rel=\"noopener\">ici<\/a> pour acc\u00e9der au site du Moulin des Massons<\/p>\n","protected":false},"excerpt":{"rendered":"<p>Si vous souhaitez d\u00e9couvrir nos sp\u00e9cialit\u00e9s et leurs fabrications, nous vous listons ci-dessous quelques possibilit\u00e9s qui s&rsquo;offrent \u00e0 vous<\/p>\n<p>A [&#8230;]<\/p>\n","protected":false},"author":1,"featured_media":489,"parent":25,"menu_order":33,"comment_status":"closed","ping_status":"closed","template":"page-templates\/grid-page.php","meta":[],"_links":{"self":[{"href":"https:\/\/www.gitedemontagne-forez.fr\/index.php\/wp-json\/wp\/v2\/pages\/162"}],"collection":[{"href":"https:\/\/www.gitedemontagne-forez.fr\/index.php\/wp-json\/wp\/v2\/pages"}],"about":[{"href":"https:\/\/www.gitedemontagne-forez.fr\/index.php\/wp-json\/wp\/v2\/types\/page"}],"author":[{"embeddable":true,"href":"https:\/\/www.gitedemontagne-forez.fr\/index.php\/wp-json\/wp\/v2\/users\/1"}],"replies":[{"embeddable":true,"href":"https:\/\/www.gitedemontagne-forez.fr\/index.php\/wp-json\/wp\/v2\/comments?post=162"}],"version-history":[{"count":10,"href":"https:\/\/www.gitedemontagne-forez.fr\/index.php\/wp-json\/wp\/v2\/pages\/162\/revisions"}],"predecessor-version":[{"id":587,"href":"https:\/\/www.gitedemontagne-forez.fr\/index.php\/wp-json\/wp\/v2\/pages\/162\/revisions\/587"}],"up":[{"embeddable":true,"href":"https:\/\/www.gitedemontagne-forez.fr\/index.php\/wp-json\/wp\/v2\/pages\/25"}],"wp:featuredmedia":[{"embeddable":true,"href":"https:\/\/www.gitedemontagne-forez.fr\/index.php\/wp-json\/wp\/v2\/media\/489"}],"wp:attachment":[{"href":"https:\/\/www.gitedemontagne-forez.fr\/index.php\/wp-json\/wp\/v2\/media?parent=162"}],"curies":[{"name":"wp","href":"https:\/\/api.w.org\/{rel}","templated":true}]}}