{"id":221,"date":"2016-10-22T15:42:24","date_gmt":"2016-10-22T13:42:24","guid":{"rendered":"http:\/\/wordpress.gitedemontagne-forez.fr\/?page_id=221"},"modified":"2016-10-24T19:51:21","modified_gmt":"2016-10-24T17:51:21","slug":"plan-interieur","status":"publish","type":"page","link":"https:\/\/www.gitedemontagne-forez.fr\/index.php\/accueil\/descriptif\/plan-interieur\/","title":{"rendered":"Plan int\u00e9rieur"},"content":{"rendered":"<p>D\u00e9couvrez comment sont implant\u00e9es les diff\u00e9rentes pi\u00e8ces de notre g\u00eete<\/p>\n<p><strong><span style=\"color: #993366;\">Plan<\/span><\/strong><\/p>\n<p><a href=\"http:\/\/wordpress.gitedemontagne-forez.fr\/wp-content\/uploads\/2016\/10\/Plan-2D.jpg\"><img loading=\"lazy\" class=\"alignnone wp-image-111\" src=\"http:\/\/wordpress.gitedemontagne-forez.fr\/wp-content\/uploads\/2016\/10\/Plan-2D-300x196.jpg\" alt=\"plan-2d\" width=\"406\" height=\"265\" srcset=\"https:\/\/www.gitedemontagne-forez.fr\/wp-content\/uploads\/2016\/10\/Plan-2D-300x196.jpg 300w, https:\/\/www.gitedemontagne-forez.fr\/wp-content\/uploads\/2016\/10\/Plan-2D-100x65.jpg 100w, https:\/\/www.gitedemontagne-forez.fr\/wp-content\/uploads\/2016\/10\/Plan-2D-768x502.jpg 768w, https:\/\/www.gitedemontagne-forez.fr\/wp-content\/uploads\/2016\/10\/Plan-2D-1024x670.jpg 1024w, https:\/\/www.gitedemontagne-forez.fr\/wp-content\/uploads\/2016\/10\/Plan-2D-648x424.jpg 648w, https:\/\/www.gitedemontagne-forez.fr\/wp-content\/uploads\/2016\/10\/Plan-2D-293x192.jpg 293w, https:\/\/www.gitedemontagne-forez.fr\/wp-content\/uploads\/2016\/10\/Plan-2D.jpg 1044w\" sizes=\"(max-width: 406px) 100vw, 406px\" \/><\/a><\/p>\n<p><a href=\"http:\/\/wordpress.gitedemontagne-forez.fr\/wp-content\/uploads\/2016\/10\/Plan-3D_1b.jpg\"><img loading=\"lazy\" class=\"alignnone wp-image-115\" src=\"http:\/\/wordpress.gitedemontagne-forez.fr\/wp-content\/uploads\/2016\/10\/Plan-3D_1b-300x187.jpg\" alt=\"plan-3d_1b\" width=\"322\" height=\"201\" srcset=\"https:\/\/www.gitedemontagne-forez.fr\/wp-content\/uploads\/2016\/10\/Plan-3D_1b-300x187.jpg 300w, https:\/\/www.gitedemontagne-forez.fr\/wp-content\/uploads\/2016\/10\/Plan-3D_1b-100x62.jpg 100w, https:\/\/www.gitedemontagne-forez.fr\/wp-content\/uploads\/2016\/10\/Plan-3D_1b-768x480.jpg 768w, https:\/\/www.gitedemontagne-forez.fr\/wp-content\/uploads\/2016\/10\/Plan-3D_1b-1024x640.jpg 1024w, https:\/\/www.gitedemontagne-forez.fr\/wp-content\/uploads\/2016\/10\/Plan-3D_1b-648x405.jpg 648w, https:\/\/www.gitedemontagne-forez.fr\/wp-content\/uploads\/2016\/10\/Plan-3D_1b-307x192.jpg 307w, https:\/\/www.gitedemontagne-forez.fr\/wp-content\/uploads\/2016\/10\/Plan-3D_1b.jpg 1212w\" sizes=\"(max-width: 322px) 100vw, 322px\" \/><\/a> <a href=\"http:\/\/wordpress.gitedemontagne-forez.fr\/wp-content\/uploads\/2016\/10\/Plan-3D_2.jpg\"><img loading=\"lazy\" class=\"alignnone size-medium wp-image-113\" src=\"http:\/\/wordpress.gitedemontagne-forez.fr\/wp-content\/uploads\/2016\/10\/Plan-3D_2-300x202.jpg\" alt=\"plan-3d_2\" width=\"300\" height=\"202\" srcset=\"https:\/\/www.gitedemontagne-forez.fr\/wp-content\/uploads\/2016\/10\/Plan-3D_2-300x202.jpg 300w, https:\/\/www.gitedemontagne-forez.fr\/wp-content\/uploads\/2016\/10\/Plan-3D_2-100x67.jpg 100w, https:\/\/www.gitedemontagne-forez.fr\/wp-content\/uploads\/2016\/10\/Plan-3D_2-768x516.jpg 768w, https:\/\/www.gitedemontagne-forez.fr\/wp-content\/uploads\/2016\/10\/Plan-3D_2-648x436.jpg 648w, https:\/\/www.gitedemontagne-forez.fr\/wp-content\/uploads\/2016\/10\/Plan-3D_2-286x192.jpg 286w, https:\/\/www.gitedemontagne-forez.fr\/wp-content\/uploads\/2016\/10\/Plan-3D_2.jpg 1001w\" sizes=\"(max-width: 300px) 100vw, 300px\" \/><\/a><\/p>\n<p>&nbsp;<\/p>\n","protected":false},"excerpt":{"rendered":"<p>D\u00e9couvrez comment sont implant\u00e9es les diff\u00e9rentes pi\u00e8ces de notre g\u00eete<\/p>\n<p>Plan<\/p>\n<p>&nbsp; [&#8230;]<\/p>\n","protected":false},"author":1,"featured_media":111,"parent":15,"menu_order":12,"comment_status":"closed","ping_status":"closed","template":"page-templates\/grid-page.php","meta":[],"_links":{"self":[{"href":"https:\/\/www.gitedemontagne-forez.fr\/index.php\/wp-json\/wp\/v2\/pages\/221"}],"collection":[{"href":"https:\/\/www.gitedemontagne-forez.fr\/index.php\/wp-json\/wp\/v2\/pages"}],"about":[{"href":"https:\/\/www.gitedemontagne-forez.fr\/index.php\/wp-json\/wp\/v2\/types\/page"}],"author":[{"embeddable":true,"href":"https:\/\/www.gitedemontagne-forez.fr\/index.php\/wp-json\/wp\/v2\/users\/1"}],"replies":[{"embeddable":true,"href":"https:\/\/www.gitedemontagne-forez.fr\/index.php\/wp-json\/wp\/v2\/comments?post=221"}],"version-history":[{"count":5,"href":"https:\/\/www.gitedemontagne-forez.fr\/index.php\/wp-json\/wp\/v2\/pages\/221\/revisions"}],"predecessor-version":[{"id":500,"href":"https:\/\/www.gitedemontagne-forez.fr\/index.php\/wp-json\/wp\/v2\/pages\/221\/revisions\/500"}],"up":[{"embeddable":true,"href":"https:\/\/www.gitedemontagne-forez.fr\/index.php\/wp-json\/wp\/v2\/pages\/15"}],"wp:featuredmedia":[{"embeddable":true,"href":"https:\/\/www.gitedemontagne-forez.fr\/index.php\/wp-json\/wp\/v2\/media\/111"}],"wp:attachment":[{"href":"https:\/\/www.gitedemontagne-forez.fr\/index.php\/wp-json\/wp\/v2\/media?parent=221"}],"curies":[{"name":"wp","href":"https:\/\/api.w.org\/{rel}","templated":true}]}}